{"id":359,"date":"2022-03-24T16:16:10","date_gmt":"2022-03-24T15:16:10","guid":{"rendered":"https:\/\/glisscamp.fr\/contact\/"},"modified":"2025-05-05T15:34:22","modified_gmt":"2025-05-05T13:34:22","slug":"contact","status":"publish","type":"page","link":"https:\/\/glisscamp.fr\/en\/contact\/","title":{"rendered":"Contact"},"content":{"rendered":"\n<p>CONTACT<br><img src=\"https:\/\/glisscamp.fr\/wp-content\/uploads\/2022\/03\/Trait-jaune.jpg\" width=\"25%\"><\/p>\n\n\n\n<h1>VOUS AVEZ<br>UNE QUESTION ?<\/h1>\n\n\n\n<p>GLISS CAMP VOUS R\u00c9POND !<\/p>\n\n\n\n<figure class=\"wp-block-image\"><img src=\"https:\/\/glisscamp.fr\/wp-content\/uploads\/2022\/03\/gliss-camp-contact-flechehaut.png\" alt=\"gliss-camp-contact-flechehaut\" title=\"\"\/><\/figure>\n\n\n\n<ul><li><\/li><\/ul>\n\n\n\n<p>En soumettant ce formulaire, j&#8217;accepte que les informations soient exploit\u00e9es dans le cadre de la relation commerciale qui peut en d\u00e9couler.<\/p>\n\n\n\n<figure class=\"wp-block-image\"><img src=\"https:\/\/glisscamp.fr\/wp-content\/uploads\/2022\/03\/gliss-camp-contact-flechehaut.png\" alt=\"gliss-camp-contact-flechehaut\" title=\"\"\/><\/figure>\n\n\n\n<p>ADRESSE<br><br>GLISS CAMP<br>Plage de Saint Gingolph &#8211; Lac L\u00e9man<br>Sur la base nautique d&#8217;Evolution 2<br>74 500 Saint Gingolph<br><br>T\u00e9l : +33(0)6 08 03 42 17<br><img src=\"https:\/\/glisscamp.fr\/wp-content\/uploads\/2022\/03\/Trait-turquoise.jpg\" width=\"25%\"><\/p>\n\n\n\n<p>HORAIRES<br><br>Ouvert tous les jours de 10h \u00e0 18h<br>du 15 mai au 30 septembrehttps:\/\/www.google.com\/maps\/embed?pb=!1m18!1m12!1m3!1d4028.9630284398004!2d6.795503339581701!3d46.39194801251213!2m3!1f0!2f0!3f0!3m2!1i1024!2i768!4f13.1!3m3!1m2!1s0x478e9d82a1793fe3%3A0xb0c2b7899f01798e!2sPlage%20municipale!5e0!3m2!1sfr!2sfr!4v1648158186093!5m2!1sfr!2sfr<\/p>\n\n\n\n<h2>GLISS CAMP BASE NAUTIQUE SAINT GINGOLPH<\/h2>\n\n\n\n<p>Plage de Saint Gingolph &#8211; Lac L\u00e9man<br>Sur la base nautique d&#8217;Evolution 2<br>74 500 Saint Gingolph<br><br>T\u00e9l : +33(0)6 08 03 42 17<\/p>\n\n\n\n<p>OUVERT TOUS LES JOURS<br>DE 10H A 18H<br>DU 15 MAI AU 30 SEPTEMBRE<\/p>\n\n\n\n<p><a href=\"https:\/\/glisscamp.fr\/mentions-legales\/\">Mentions l\u00e9gales<\/a>&nbsp;I&nbsp;<a href=\"https:\/\/glisscamp.fr\/politique-confidentialite\/\">Politique de confidentialit\u00e9<\/a>&nbsp;I&nbsp;<a href=\"https:\/\/glisscamp.fr\/en\/contact\/\">Contact<\/a><\/p>\n\n\n\n<p>\u00a92022 I R\u00e9alis\u00e9 par&nbsp;<a href=\"https:\/\/yesss-communication.fr\/\" target=\"_blank\" rel=\"noreferrer noopener\">YESSS Communication<\/a><\/p>\n\n\n\n<ul><li><a target=\"_blank\" href=\"https:\/\/www.facebook.com\/Gliss-Camp-107965108529986\" rel=\"noreferrer noopener\"><\/a><\/li><li><\/li><\/ul>\n","protected":false},"excerpt":{"rendered":"<p>CONTACT VOUS AVEZUNE QUESTION ? GLISS CAMP VOUS R\u00c9POND ! En soumettant ce formulaire, j&#8217;accepte que les informations soient exploit\u00e9es dans le cadre de la relation<span class=\"excerpt-hellip\"> [\u2026]<\/span><\/p>\n","protected":false},"author":1,"featured_media":0,"parent":0,"menu_order":0,"comment_status":"closed","ping_status":"closed","template":"","meta":[],"yoast_head":"<!-- This site is optimized with the Yoast SEO plugin v18.4.1 - https:\/\/yoast.com\/wordpress\/plugins\/seo\/ -->\n<title>Contact - GLISS CAMP<\/title>\n<meta name=\"description\" content=\"Une question sur la location de e-surf et e-foil sur le lac L\u00e9man &amp; Biscarrosse ? Contactez-nous, nous r\u00e9pondons \u00e0 toutes vos questions.\" \/>\n<meta name=\"robots\" content=\"index, follow, max-snippet:-1, max-image-preview:large, max-video-preview:-1\" \/>\n<link rel=\"canonical\" href=\"https:\/\/glisscamp.fr\/en\/contact\/\" \/>\n<meta property=\"og:locale\" content=\"en_US\" \/>\n<meta property=\"og:type\" content=\"article\" \/>\n<meta property=\"og:title\" content=\"Contact - GLISS CAMP\" \/>\n<meta property=\"og:description\" content=\"Une question sur la location de e-surf et e-foil sur le lac L\u00e9man &amp; Biscarrosse ? Contactez-nous, nous r\u00e9pondons \u00e0 toutes vos questions.\" \/>\n<meta property=\"og:url\" content=\"https:\/\/glisscamp.fr\/en\/contact\/\" \/>\n<meta property=\"og:site_name\" content=\"GLISS CAMP\" \/>\n<meta property=\"article:modified_time\" content=\"2025-05-05T13:34:22+00:00\" \/>\n<meta property=\"og:image\" content=\"https:\/\/glisscamp.fr\/wp-content\/uploads\/2022\/03\/Trait-jaune.jpg\" \/>\n<meta name=\"twitter:card\" content=\"summary_large_image\" \/>\n<meta name=\"twitter:label1\" content=\"Est. reading time\" \/>\n\t<meta name=\"twitter:data1\" content=\"2 minutes\" \/>\n<script type=\"application\/ld+json\" class=\"yoast-schema-graph\">{\"@context\":\"https:\/\/schema.org\",\"@graph\":[{\"@type\":\"WebSite\",\"@id\":\"https:\/\/glisscamp.fr\/#website\",\"url\":\"https:\/\/glisscamp.fr\/\",\"name\":\"GLISS CAMP\",\"description\":\"Base nautique Haute Savoie\",\"potentialAction\":[{\"@type\":\"SearchAction\",\"target\":{\"@type\":\"EntryPoint\",\"urlTemplate\":\"https:\/\/glisscamp.fr\/?s={search_term_string}\"},\"query-input\":\"required name=search_term_string\"}],\"inLanguage\":\"en-US\"},{\"@type\":\"ImageObject\",\"@id\":\"https:\/\/glisscamp.fr\/en\/contact\/#primaryimage\",\"inLanguage\":\"en-US\",\"url\":\"https:\/\/glisscamp.fr\/wp-content\/uploads\/2022\/03\/Trait-jaune.jpg\",\"contentUrl\":\"https:\/\/glisscamp.fr\/wp-content\/uploads\/2022\/03\/Trait-jaune.jpg\",\"width\":265,\"height\":9},{\"@type\":\"WebPage\",\"@id\":\"https:\/\/glisscamp.fr\/en\/contact\/#webpage\",\"url\":\"https:\/\/glisscamp.fr\/en\/contact\/\",\"name\":\"Contact - GLISS CAMP\",\"isPartOf\":{\"@id\":\"https:\/\/glisscamp.fr\/#website\"},\"primaryImageOfPage\":{\"@id\":\"https:\/\/glisscamp.fr\/en\/contact\/#primaryimage\"},\"datePublished\":\"2022-03-24T15:16:10+00:00\",\"dateModified\":\"2025-05-05T13:34:22+00:00\",\"description\":\"Une question sur la location de e-surf et e-foil sur le lac L\u00e9man & Biscarrosse ? Contactez-nous, nous r\u00e9pondons \u00e0 toutes vos questions.\",\"breadcrumb\":{\"@id\":\"https:\/\/glisscamp.fr\/en\/contact\/#breadcrumb\"},\"inLanguage\":\"en-US\",\"potentialAction\":[{\"@type\":\"ReadAction\",\"target\":[\"https:\/\/glisscamp.fr\/en\/contact\/\"]}]},{\"@type\":\"BreadcrumbList\",\"@id\":\"https:\/\/glisscamp.fr\/en\/contact\/#breadcrumb\",\"itemListElement\":[{\"@type\":\"ListItem\",\"position\":1,\"name\":\"Accueil\",\"item\":\"https:\/\/glisscamp.fr\/en\/\"},{\"@type\":\"ListItem\",\"position\":2,\"name\":\"Contact\"}]}]}<\/script>\n<!-- \/ Yoast SEO plugin. -->","yoast_head_json":{"title":"Contact - GLISS CAMP","description":"Une question sur la location de e-surf et e-foil sur le lac L\u00e9man & Biscarrosse ? Contactez-nous, nous r\u00e9pondons \u00e0 toutes vos questions.","robots":{"index":"index","follow":"follow","max-snippet":"max-snippet:-1","max-image-preview":"max-image-preview:large","max-video-preview":"max-video-preview:-1"},"canonical":"https:\/\/glisscamp.fr\/en\/contact\/","og_locale":"en_US","og_type":"article","og_title":"Contact - GLISS CAMP","og_description":"Une question sur la location de e-surf et e-foil sur le lac L\u00e9man & Biscarrosse ? Contactez-nous, nous r\u00e9pondons \u00e0 toutes vos questions.","og_url":"https:\/\/glisscamp.fr\/en\/contact\/","og_site_name":"GLISS CAMP","article_modified_time":"2025-05-05T13:34:22+00:00","og_image":[{"url":"https:\/\/glisscamp.fr\/wp-content\/uploads\/2022\/03\/Trait-jaune.jpg"}],"twitter_card":"summary_large_image","twitter_misc":{"Est. reading time":"2 minutes"},"schema":{"@context":"https:\/\/schema.org","@graph":[{"@type":"WebSite","@id":"https:\/\/glisscamp.fr\/#website","url":"https:\/\/glisscamp.fr\/","name":"GLISS CAMP","description":"Base nautique Haute Savoie","potentialAction":[{"@type":"SearchAction","target":{"@type":"EntryPoint","urlTemplate":"https:\/\/glisscamp.fr\/?s={search_term_string}"},"query-input":"required name=search_term_string"}],"inLanguage":"en-US"},{"@type":"ImageObject","@id":"https:\/\/glisscamp.fr\/en\/contact\/#primaryimage","inLanguage":"en-US","url":"https:\/\/glisscamp.fr\/wp-content\/uploads\/2022\/03\/Trait-jaune.jpg","contentUrl":"https:\/\/glisscamp.fr\/wp-content\/uploads\/2022\/03\/Trait-jaune.jpg","width":265,"height":9},{"@type":"WebPage","@id":"https:\/\/glisscamp.fr\/en\/contact\/#webpage","url":"https:\/\/glisscamp.fr\/en\/contact\/","name":"Contact - GLISS CAMP","isPartOf":{"@id":"https:\/\/glisscamp.fr\/#website"},"primaryImageOfPage":{"@id":"https:\/\/glisscamp.fr\/en\/contact\/#primaryimage"},"datePublished":"2022-03-24T15:16:10+00:00","dateModified":"2025-05-05T13:34:22+00:00","description":"Une question sur la location de e-surf et e-foil sur le lac L\u00e9man & Biscarrosse ? Contactez-nous, nous r\u00e9pondons \u00e0 toutes vos questions.","breadcrumb":{"@id":"https:\/\/glisscamp.fr\/en\/contact\/#breadcrumb"},"inLanguage":"en-US","potentialAction":[{"@type":"ReadAction","target":["https:\/\/glisscamp.fr\/en\/contact\/"]}]},{"@type":"BreadcrumbList","@id":"https:\/\/glisscamp.fr\/en\/contact\/#breadcrumb","itemListElement":[{"@type":"ListItem","position":1,"name":"Accueil","item":"https:\/\/glisscamp.fr\/en\/"},{"@type":"ListItem","position":2,"name":"Contact"}]}]}},"_links":{"self":[{"href":"https:\/\/glisscamp.fr\/en\/wp-json\/wp\/v2\/pages\/359"}],"collection":[{"href":"https:\/\/glisscamp.fr\/en\/wp-json\/wp\/v2\/pages"}],"about":[{"href":"https:\/\/glisscamp.fr\/en\/wp-json\/wp\/v2\/types\/page"}],"author":[{"embeddable":true,"href":"https:\/\/glisscamp.fr\/en\/wp-json\/wp\/v2\/users\/1"}],"replies":[{"embeddable":true,"href":"https:\/\/glisscamp.fr\/en\/wp-json\/wp\/v2\/comments?post=359"}],"version-history":[{"count":13,"href":"https:\/\/glisscamp.fr\/en\/wp-json\/wp\/v2\/pages\/359\/revisions"}],"predecessor-version":[{"id":843,"href":"https:\/\/glisscamp.fr\/en\/wp-json\/wp\/v2\/pages\/359\/revisions\/843"}],"wp:attachment":[{"href":"https:\/\/glisscamp.fr\/en\/wp-json\/wp\/v2\/media?parent=359"}],"curies":[{"name":"wp","href":"https:\/\/api.w.org\/{rel}","templated":true}]}}