{"id":375,"date":"2022-03-25T01:24:52","date_gmt":"2022-03-25T00:24:52","guid":{"rendered":"https:\/\/glisscamp.fr\/base-nautique-lac-leman\/"},"modified":"2025-05-05T15:36:04","modified_gmt":"2025-05-05T13:36:04","slug":"nautical-base-leman-lake","status":"publish","type":"page","link":"https:\/\/glisscamp.fr\/en\/nautical-base-leman-lake\/","title":{"rendered":"Nautical base Leman Lake"},"content":{"rendered":"\n<p>GLISS CAMP<br><img src=\"https:\/\/glisscamp.fr\/wp-content\/uploads\/2022\/03\/Trait-jaune.jpg\" width=\"40%\"><\/p>\n\n\n\n<h1>GLISS CAMP,<br>LA BASE NAUTIQUE NATURE SUR LE LAC L\u00c9MAN<\/h1>\n\n\n\n<p>Envie de d\u00e9couvrir de nouvelles sensations ?<br>Les foils \u00e9lectriques de Gliss Camp vous permettent de voler au-dessus de l\u2019eau \u00e0 une vitesse allant jusqu\u2019\u00e0 50 km\/h. Accessible que vous soyez d\u00e9butant ou plus exp\u00e9riment\u00e9, l\u2019e-foil vous permet de combiner sport et adr\u00e9naline au travers d\u2019une sensation de vol&#8230; sur l&#8217;eau !<\/p>\n\n\n\n<h2>GLISS CAMP<br>BIEN PLUS QU&#8217;UNE BASE NAUTIQUE<\/h2>\n\n\n\n<p><img src=\"https:\/\/glisscamp.fr\/wp-content\/uploads\/2022\/03\/Trait-jaune.jpg\" width=\"30%\"><\/p>\n\n\n\n<p>N\u00e9e de l&#8217;imagination d&#8217;un passionn\u00e9 de sport de glisse et de nature, Gliss Camp se veut bien plus qu\u2019une simple base nautique.<br>Vous y trouverez \u00e9galement un coin convivial pour les accompagnants, une balance board pour travailler son \u00e9quilibre en surf, la possibilit\u00e9 de louer des paddles, des kayaks et des v\u00e9los \u00e9l\u00e8ctriques.<br>Chez nous, nous partageons une passion, un \u00e9tat d\u2019esprit. Nous mettons tout en oeuvre pour vous proposer des espaces d\u2019accueil conviviaux et du mat\u00e9riel de qualit\u00e9. Le tout, encadr\u00e9 par des professionnels passionn\u00e9s pour que d\u00e9butants, riders confirm\u00e9s, adultes, enfants et ados puissent&nbsp;<strong>profiter d\u2019un moment de pur plaisir.<\/strong><\/p>\n\n\n\n<figure class=\"wp-block-image\"><img src=\"https:\/\/glisscamp.fr\/wp-content\/uploads\/2022\/03\/Accompagnement-Gliss-Camp.png\" alt=\"Accompagnement Gliss Camp\" title=\"\"\/><\/figure>\n\n\n\n<p>ACCOMPAGNEMENT P\u00c9DAGOGIQUE<\/p>\n\n\n\n<figure class=\"wp-block-image\"><img src=\"https:\/\/glisscamp.fr\/wp-content\/uploads\/2022\/03\/efoil-esurf-materiel-Gliss-Camp-Saint-Gingolph.png\" alt=\"efoil esurf materiel Gliss Camp Saint Gingolph\" title=\"\"\/><\/figure>\n\n\n\n<p>MAT\u00c9RIEL NEUF DE DERNI\u00c8RE G\u00c9N\u00c9RATION<\/p>\n\n\n\n<figure class=\"wp-block-image\"><img src=\"https:\/\/glisscamp.fr\/wp-content\/uploads\/2022\/03\/Briefing-multilingue-Gliss-Camp.png\" alt=\"Briefing multilingue Gliss Camp\" title=\"\"\/><\/figure>\n\n\n\n<p>BRIEFING MULTILINGUE<\/p>\n\n\n\n<figure class=\"wp-block-image\"><img src=\"https:\/\/glisscamp.fr\/wp-content\/uploads\/2022\/03\/Base-nautique-Saint-Gingolph-tout-niveau.png\" alt=\"Base nautique Saint Gingolph tout niveau\" title=\"\"\/><\/figure>\n\n\n\n<p>D\u00c9BUTANTS ET CONFIRM\u00c9S<\/p>\n\n\n\n<h2>UNE \u00c9QUIPE PROFESSIONNELLE<br>\u00c0 VOTRE SERVICE<\/h2>\n\n\n\n<p><img src=\"https:\/\/glisscamp.fr\/wp-content\/uploads\/2022\/03\/Trait-turquoise.jpg\" width=\"20%\"><\/p>\n\n\n\n<hr class=\"wp-block-separator has-css-opacity\"\/>\n\n\n\n<p>Que vous soyez en famille ou entre amis, l\u2019\u00e9quipe de Gliss Camp est \u00e0 votre disposition pour vous accueillir sur notre base nautique du Lac L\u00e9man tous les jours durant la saison d&#8217;\u00e9t\u00e9 (15 mai au 30 septembre).<br><br>Vous d\u00e9couvrirez les sensations de la glisse, accompagn\u00e9s de professionnels form\u00e9s \u00e0 la pratique du e-foil et du e-surf. Au programme de votre journ\u00e9e : plaisir, convivialit\u00e9 et s\u00e9curit\u00e9 !<img src=\"https:\/\/glisscamp.fr\/wp-content\/uploads\/2022\/04\/Noel-Paolin-Gliss-Camp-base-nautique.png\" alt=\"No\u00ebl Paolin Gliss Camp base nautique\" width=\"70%\"><\/p>\n\n\n\n<p>NO\u00cbL<a href=\"https:\/\/glisscamp.fr\/reservation\/\">&gt;&gt; R\u00c9SERVER UNE SESSION &lt;&lt;<\/a><\/p>\n\n\n\n<h2>GLISS CAMP BASE NAUTIQUE SAINT GINGOLPH<\/h2>\n\n\n\n<p>Plage de Saint Gingolph &#8211; Lac L\u00e9man<br>Sur la base nautique d&#8217;Evolution 2<br>74 500 Saint Gingolph<br><br>T\u00e9l : +33(0)6 08 03 42 17<\/p>\n\n\n\n<p>OUVERT TOUS LES JOURS<br>DE 10H A 18H<br>DU 15 MAI AU 30 SEPTEMBRE<\/p>\n\n\n\n<p><a href=\"https:\/\/glisscamp.fr\/mentions-legales\/\">Mentions l\u00e9gales<\/a>&nbsp;I&nbsp;<a href=\"https:\/\/glisscamp.fr\/politique-confidentialite\/\">Politique de confidentialit\u00e9<\/a>&nbsp;I&nbsp;<a href=\"https:\/\/glisscamp.fr\/en\/contact\/\">Contact<\/a><\/p>\n","protected":false},"excerpt":{"rendered":"<p>GLISS CAMP GLISS CAMP,LA BASE NAUTIQUE NATURE SUR LE LAC L\u00c9MAN Envie de d\u00e9couvrir de nouvelles sensations ?Les foils \u00e9lectriques de Gliss Camp vous permettent de<span class=\"excerpt-hellip\"> [\u2026]<\/span><\/p>\n","protected":false},"author":1,"featured_media":0,"parent":0,"menu_order":0,"comment_status":"closed","ping_status":"closed","template":"","meta":[],"yoast_head":"<!-- This site is optimized with the Yoast SEO plugin v18.4.1 - https:\/\/yoast.com\/wordpress\/plugins\/seo\/ -->\n<title>Nautical base Leman Lake - GLISS CAMP<\/title>\n<meta name=\"description\" content=\"Nautical base Leman Lake: in Thonon and St Gingolph, &amp; Biscarrosse discover nature-friendly sliding activities at Gliss Camp : e-surf, e-foil, e-bike...\" \/>\n<meta name=\"robots\" content=\"index, follow, max-snippet:-1, max-image-preview:large, max-video-preview:-1\" \/>\n<link rel=\"canonical\" href=\"https:\/\/glisscamp.fr\/en\/nautical-base-leman-lake\/\" \/>\n<meta property=\"og:locale\" content=\"en_US\" \/>\n<meta property=\"og:type\" content=\"article\" \/>\n<meta property=\"og:title\" content=\"Nautical base Leman Lake - GLISS CAMP\" \/>\n<meta property=\"og:description\" content=\"Nautical base Leman Lake: in Thonon and St Gingolph, &amp; Biscarrosse discover nature-friendly sliding activities at Gliss Camp : e-surf, e-foil, e-bike...\" \/>\n<meta property=\"og:url\" content=\"https:\/\/glisscamp.fr\/en\/nautical-base-leman-lake\/\" \/>\n<meta property=\"og:site_name\" content=\"GLISS CAMP\" \/>\n<meta property=\"article:modified_time\" content=\"2025-05-05T13:36:04+00:00\" \/>\n<meta property=\"og:image\" content=\"https:\/\/glisscamp.fr\/wp-content\/uploads\/2022\/03\/Trait-jaune.jpg\" \/>\n<meta name=\"twitter:card\" content=\"summary_large_image\" \/>\n<meta name=\"twitter:label1\" content=\"Est. reading time\" \/>\n\t<meta name=\"twitter:data1\" content=\"4 minutes\" \/>\n<script type=\"application\/ld+json\" class=\"yoast-schema-graph\">{\"@context\":\"https:\/\/schema.org\",\"@graph\":[{\"@type\":\"WebSite\",\"@id\":\"https:\/\/glisscamp.fr\/#website\",\"url\":\"https:\/\/glisscamp.fr\/\",\"name\":\"GLISS CAMP\",\"description\":\"Base nautique Haute Savoie\",\"potentialAction\":[{\"@type\":\"SearchAction\",\"target\":{\"@type\":\"EntryPoint\",\"urlTemplate\":\"https:\/\/glisscamp.fr\/?s={search_term_string}\"},\"query-input\":\"required name=search_term_string\"}],\"inLanguage\":\"en-US\"},{\"@type\":\"ImageObject\",\"@id\":\"https:\/\/glisscamp.fr\/en\/nautical-base-leman-lake\/#primaryimage\",\"inLanguage\":\"en-US\",\"url\":\"https:\/\/glisscamp.fr\/wp-content\/uploads\/2022\/03\/Trait-jaune.jpg\",\"contentUrl\":\"https:\/\/glisscamp.fr\/wp-content\/uploads\/2022\/03\/Trait-jaune.jpg\",\"width\":265,\"height\":9},{\"@type\":\"WebPage\",\"@id\":\"https:\/\/glisscamp.fr\/en\/nautical-base-leman-lake\/#webpage\",\"url\":\"https:\/\/glisscamp.fr\/en\/nautical-base-leman-lake\/\",\"name\":\"Nautical base Leman Lake - GLISS CAMP\",\"isPartOf\":{\"@id\":\"https:\/\/glisscamp.fr\/#website\"},\"primaryImageOfPage\":{\"@id\":\"https:\/\/glisscamp.fr\/en\/nautical-base-leman-lake\/#primaryimage\"},\"datePublished\":\"2022-03-25T00:24:52+00:00\",\"dateModified\":\"2025-05-05T13:36:04+00:00\",\"description\":\"Nautical base Leman Lake: in Thonon and St Gingolph, & Biscarrosse discover nature-friendly sliding activities at Gliss Camp : e-surf, e-foil, e-bike...\",\"breadcrumb\":{\"@id\":\"https:\/\/glisscamp.fr\/en\/nautical-base-leman-lake\/#breadcrumb\"},\"inLanguage\":\"en-US\",\"potentialAction\":[{\"@type\":\"ReadAction\",\"target\":[\"https:\/\/glisscamp.fr\/en\/nautical-base-leman-lake\/\"]}]},{\"@type\":\"BreadcrumbList\",\"@id\":\"https:\/\/glisscamp.fr\/en\/nautical-base-leman-lake\/#breadcrumb\",\"itemListElement\":[{\"@type\":\"ListItem\",\"position\":1,\"name\":\"Accueil\",\"item\":\"https:\/\/glisscamp.fr\/en\/\"},{\"@type\":\"ListItem\",\"position\":2,\"name\":\"Nautical base Leman Lake\"}]}]}<\/script>\n<!-- \/ Yoast SEO plugin. -->","yoast_head_json":{"title":"Nautical base Leman Lake - GLISS CAMP","description":"Nautical base Leman Lake: in Thonon and St Gingolph, & Biscarrosse discover nature-friendly sliding activities at Gliss Camp : e-surf, e-foil, e-bike...","robots":{"index":"index","follow":"follow","max-snippet":"max-snippet:-1","max-image-preview":"max-image-preview:large","max-video-preview":"max-video-preview:-1"},"canonical":"https:\/\/glisscamp.fr\/en\/nautical-base-leman-lake\/","og_locale":"en_US","og_type":"article","og_title":"Nautical base Leman Lake - GLISS CAMP","og_description":"Nautical base Leman Lake: in Thonon and St Gingolph, & Biscarrosse discover nature-friendly sliding activities at Gliss Camp : e-surf, e-foil, e-bike...","og_url":"https:\/\/glisscamp.fr\/en\/nautical-base-leman-lake\/","og_site_name":"GLISS CAMP","article_modified_time":"2025-05-05T13:36:04+00:00","og_image":[{"url":"https:\/\/glisscamp.fr\/wp-content\/uploads\/2022\/03\/Trait-jaune.jpg"}],"twitter_card":"summary_large_image","twitter_misc":{"Est. reading time":"4 minutes"},"schema":{"@context":"https:\/\/schema.org","@graph":[{"@type":"WebSite","@id":"https:\/\/glisscamp.fr\/#website","url":"https:\/\/glisscamp.fr\/","name":"GLISS CAMP","description":"Base nautique Haute Savoie","potentialAction":[{"@type":"SearchAction","target":{"@type":"EntryPoint","urlTemplate":"https:\/\/glisscamp.fr\/?s={search_term_string}"},"query-input":"required name=search_term_string"}],"inLanguage":"en-US"},{"@type":"ImageObject","@id":"https:\/\/glisscamp.fr\/en\/nautical-base-leman-lake\/#primaryimage","inLanguage":"en-US","url":"https:\/\/glisscamp.fr\/wp-content\/uploads\/2022\/03\/Trait-jaune.jpg","contentUrl":"https:\/\/glisscamp.fr\/wp-content\/uploads\/2022\/03\/Trait-jaune.jpg","width":265,"height":9},{"@type":"WebPage","@id":"https:\/\/glisscamp.fr\/en\/nautical-base-leman-lake\/#webpage","url":"https:\/\/glisscamp.fr\/en\/nautical-base-leman-lake\/","name":"Nautical base Leman Lake - GLISS CAMP","isPartOf":{"@id":"https:\/\/glisscamp.fr\/#website"},"primaryImageOfPage":{"@id":"https:\/\/glisscamp.fr\/en\/nautical-base-leman-lake\/#primaryimage"},"datePublished":"2022-03-25T00:24:52+00:00","dateModified":"2025-05-05T13:36:04+00:00","description":"Nautical base Leman Lake: in Thonon and St Gingolph, & Biscarrosse discover nature-friendly sliding activities at Gliss Camp : e-surf, e-foil, e-bike...","breadcrumb":{"@id":"https:\/\/glisscamp.fr\/en\/nautical-base-leman-lake\/#breadcrumb"},"inLanguage":"en-US","potentialAction":[{"@type":"ReadAction","target":["https:\/\/glisscamp.fr\/en\/nautical-base-leman-lake\/"]}]},{"@type":"BreadcrumbList","@id":"https:\/\/glisscamp.fr\/en\/nautical-base-leman-lake\/#breadcrumb","itemListElement":[{"@type":"ListItem","position":1,"name":"Accueil","item":"https:\/\/glisscamp.fr\/en\/"},{"@type":"ListItem","position":2,"name":"Nautical base Leman Lake"}]}]}},"_links":{"self":[{"href":"https:\/\/glisscamp.fr\/en\/wp-json\/wp\/v2\/pages\/375"}],"collection":[{"href":"https:\/\/glisscamp.fr\/en\/wp-json\/wp\/v2\/pages"}],"about":[{"href":"https:\/\/glisscamp.fr\/en\/wp-json\/wp\/v2\/types\/page"}],"author":[{"embeddable":true,"href":"https:\/\/glisscamp.fr\/en\/wp-json\/wp\/v2\/users\/1"}],"replies":[{"embeddable":true,"href":"https:\/\/glisscamp.fr\/en\/wp-json\/wp\/v2\/comments?post=375"}],"version-history":[{"count":3,"href":"https:\/\/glisscamp.fr\/en\/wp-json\/wp\/v2\/pages\/375\/revisions"}],"predecessor-version":[{"id":711,"href":"https:\/\/glisscamp.fr\/en\/wp-json\/wp\/v2\/pages\/375\/revisions\/711"}],"wp:attachment":[{"href":"https:\/\/glisscamp.fr\/en\/wp-json\/wp\/v2\/media?parent=375"}],"curies":[{"name":"wp","href":"https:\/\/api.w.org\/{rel}","templated":true}]}}