{"id":390,"date":"2022-03-25T01:11:17","date_gmt":"2022-03-25T00:11:17","guid":{"rendered":"https:\/\/glisscamp.fr\/reservation\/"},"modified":"2023-05-05T12:02:27","modified_gmt":"2023-05-05T10:02:27","slug":"book-a-session","status":"publish","type":"page","link":"https:\/\/glisscamp.fr\/en\/book-a-session\/","title":{"rendered":"Book a session"},"content":{"rendered":"\n<p>R\u00c9SERVATION<br><img src=\"https:\/\/glisscamp.fr\/wp-content\/uploads\/2022\/03\/Trait-jaune.jpg\" width=\"40%\"><\/p>\n\n\n\n<h1>R\u00c9SERVATION<\/h1>\n\n\n\n<p>GLISS CAMP<\/p>\n\n\n\n<p><strong>R\u00e9servez en 1 clic<\/strong>&nbsp;votre session de surf \u00e9lectrique ou foil \u00e9lectrique.<\/p>\n\n\n\n<hr class=\"wp-block-separator has-css-opacity\"\/>\n\n\n\n<p>https:\/\/widget.yoplanning.com\/id\/11524\/?track=Chargement+https:\/\/glisscamp.fr\/&#038;https:\/\/widget.yoplanning.com\/id\/11526\/?track=Chargement+https:\/\/glisscamp.fr\/&#038;https:\/\/widget.yoplanning.com\/id\/9390\/?track=Chargement+https:\/\/glisscamp.fr\/&#038;https:\/\/widget.yoplanning.com\/id\/11523\/?track=Chargement+https:\/\/glisscamp.fr\/&#038;<\/p>\n\n\n\n<h2>GLISS CAMP BASE NAUTIQUE SAINT GINGOLPH<\/h2>\n\n\n\n<p>Plage de Saint Gingolph &#8211; Lac L\u00e9man<br>Sur la base nautique d&#8217;Evolution 2<br>74 500 Saint Gingolph<br><br>T\u00e9l : +33(0)6 08 03 42 17<\/p>\n\n\n\n<p>OUVERT TOUS LES JOURS<br>DE 10H A 18H<br>DU 15 MAI AU 30 SEPTEMBRE<\/p>\n\n\n\n<p><a href=\"https:\/\/glisscamp.fr\/mentions-legales\/\">Mentions l\u00e9gales<\/a>&nbsp;I&nbsp;<a href=\"https:\/\/glisscamp.fr\/politique-confidentialite\/\">Politique de confidentialit\u00e9<\/a>&nbsp;I&nbsp;<a href=\"https:\/\/glisscamp.fr\/en\/contact\/\">Contact<\/a><\/p>\n\n\n\n<p>\u00a92022 I R\u00e9alis\u00e9 par&nbsp;<a href=\"https:\/\/yesss-communication.fr\/\" target=\"_blank\" rel=\"noreferrer noopener\">YESSS Communication<\/a><\/p>\n\n\n\n<ul><li><a target=\"_blank\" href=\"https:\/\/www.facebook.com\/Gliss-Camp-107965108529986\" rel=\"noreferrer noopener\"><\/a><\/li><li><\/li><\/ul>\n","protected":false},"excerpt":{"rendered":"<p>R\u00c9SERVATION R\u00c9SERVATION GLISS CAMP R\u00e9servez en 1 clic&nbsp;votre session de surf \u00e9lectrique ou foil \u00e9lectrique. https:\/\/widget.yoplanning.com\/id\/11524\/?track=Chargement+https:\/\/glisscamp.fr\/&#038;https:\/\/widget.yoplanning.com\/id\/11526\/?track=Chargement+https:\/\/glisscamp.fr\/&#038;https:\/\/widget.yoplanning.com\/id\/9390\/?track=Chargement+https:\/\/glisscamp.fr\/&#038;https:\/\/widget.yoplanning.com\/id\/11523\/?track=Chargement+https:\/\/glisscamp.fr\/&#038; GLISS CAMP BASE NAUTIQUE SAINT GINGOLPH Plage de Saint Gingolph<span class=\"excerpt-hellip\"> [\u2026]<\/span><\/p>\n","protected":false},"author":1,"featured_media":0,"parent":0,"menu_order":0,"comment_status":"closed","ping_status":"closed","template":"","meta":[],"yoast_head":"<!-- This site is optimized with the Yoast SEO plugin v18.4.1 - https:\/\/yoast.com\/wordpress\/plugins\/seo\/ -->\n<title>Book a session e-foil et e-surf - GLISS CAMP Leman lake<\/title>\n<meta name=\"description\" content=\"Book a session e-foil and e-surf: book your session on Leman Lake (Geneva) in 1 click and discover new sliding sensations...\" \/>\n<meta name=\"robots\" content=\"index, follow, max-snippet:-1, max-image-preview:large, max-video-preview:-1\" \/>\n<link rel=\"canonical\" href=\"https:\/\/glisscamp.fr\/en\/book-a-session\/\" \/>\n<meta property=\"og:locale\" content=\"en_US\" \/>\n<meta property=\"og:type\" content=\"article\" \/>\n<meta property=\"og:title\" content=\"Book a session e-foil et e-surf - GLISS CAMP Leman lake\" \/>\n<meta property=\"og:description\" content=\"Book a session e-foil and e-surf: book your session on Leman Lake (Geneva) in 1 click and discover new sliding sensations...\" \/>\n<meta property=\"og:url\" content=\"https:\/\/glisscamp.fr\/en\/book-a-session\/\" \/>\n<meta property=\"og:site_name\" content=\"GLISS CAMP\" \/>\n<meta property=\"article:modified_time\" content=\"2023-05-05T10:02:27+00:00\" \/>\n<meta property=\"og:image\" content=\"https:\/\/glisscamp.fr\/wp-content\/uploads\/2022\/03\/Trait-jaune.jpg\" \/>\n<meta name=\"twitter:card\" content=\"summary_large_image\" \/>\n<meta name=\"twitter:label1\" content=\"Est. reading time\" \/>\n\t<meta name=\"twitter:data1\" content=\"1 minute\" \/>\n<script type=\"application\/ld+json\" class=\"yoast-schema-graph\">{\"@context\":\"https:\/\/schema.org\",\"@graph\":[{\"@type\":\"WebSite\",\"@id\":\"https:\/\/glisscamp.fr\/#website\",\"url\":\"https:\/\/glisscamp.fr\/\",\"name\":\"GLISS CAMP\",\"description\":\"Base nautique Haute Savoie\",\"potentialAction\":[{\"@type\":\"SearchAction\",\"target\":{\"@type\":\"EntryPoint\",\"urlTemplate\":\"https:\/\/glisscamp.fr\/?s={search_term_string}\"},\"query-input\":\"required name=search_term_string\"}],\"inLanguage\":\"en-US\"},{\"@type\":\"ImageObject\",\"@id\":\"https:\/\/glisscamp.fr\/en\/book-a-session\/#primaryimage\",\"inLanguage\":\"en-US\",\"url\":\"https:\/\/glisscamp.fr\/wp-content\/uploads\/2022\/03\/Trait-jaune.jpg\",\"contentUrl\":\"https:\/\/glisscamp.fr\/wp-content\/uploads\/2022\/03\/Trait-jaune.jpg\",\"width\":265,\"height\":9},{\"@type\":\"WebPage\",\"@id\":\"https:\/\/glisscamp.fr\/en\/book-a-session\/#webpage\",\"url\":\"https:\/\/glisscamp.fr\/en\/book-a-session\/\",\"name\":\"Book a session e-foil et e-surf - GLISS CAMP Leman lake\",\"isPartOf\":{\"@id\":\"https:\/\/glisscamp.fr\/#website\"},\"primaryImageOfPage\":{\"@id\":\"https:\/\/glisscamp.fr\/en\/book-a-session\/#primaryimage\"},\"datePublished\":\"2022-03-25T00:11:17+00:00\",\"dateModified\":\"2023-05-05T10:02:27+00:00\",\"description\":\"Book a session e-foil and e-surf: book your session on Leman Lake (Geneva) in 1 click and discover new sliding sensations...\",\"breadcrumb\":{\"@id\":\"https:\/\/glisscamp.fr\/en\/book-a-session\/#breadcrumb\"},\"inLanguage\":\"en-US\",\"potentialAction\":[{\"@type\":\"ReadAction\",\"target\":[\"https:\/\/glisscamp.fr\/en\/book-a-session\/\"]}]},{\"@type\":\"BreadcrumbList\",\"@id\":\"https:\/\/glisscamp.fr\/en\/book-a-session\/#breadcrumb\",\"itemListElement\":[{\"@type\":\"ListItem\",\"position\":1,\"name\":\"Accueil\",\"item\":\"https:\/\/glisscamp.fr\/en\/\"},{\"@type\":\"ListItem\",\"position\":2,\"name\":\"Book a session\"}]}]}<\/script>\n<!-- \/ Yoast SEO plugin. -->","yoast_head_json":{"title":"Book a session e-foil et e-surf - GLISS CAMP Leman lake","description":"Book a session e-foil and e-surf: book your session on Leman Lake (Geneva) in 1 click and discover new sliding sensations...","robots":{"index":"index","follow":"follow","max-snippet":"max-snippet:-1","max-image-preview":"max-image-preview:large","max-video-preview":"max-video-preview:-1"},"canonical":"https:\/\/glisscamp.fr\/en\/book-a-session\/","og_locale":"en_US","og_type":"article","og_title":"Book a session e-foil et e-surf - GLISS CAMP Leman lake","og_description":"Book a session e-foil and e-surf: book your session on Leman Lake (Geneva) in 1 click and discover new sliding sensations...","og_url":"https:\/\/glisscamp.fr\/en\/book-a-session\/","og_site_name":"GLISS CAMP","article_modified_time":"2023-05-05T10:02:27+00:00","og_image":[{"url":"https:\/\/glisscamp.fr\/wp-content\/uploads\/2022\/03\/Trait-jaune.jpg"}],"twitter_card":"summary_large_image","twitter_misc":{"Est. reading time":"1 minute"},"schema":{"@context":"https:\/\/schema.org","@graph":[{"@type":"WebSite","@id":"https:\/\/glisscamp.fr\/#website","url":"https:\/\/glisscamp.fr\/","name":"GLISS CAMP","description":"Base nautique Haute Savoie","potentialAction":[{"@type":"SearchAction","target":{"@type":"EntryPoint","urlTemplate":"https:\/\/glisscamp.fr\/?s={search_term_string}"},"query-input":"required name=search_term_string"}],"inLanguage":"en-US"},{"@type":"ImageObject","@id":"https:\/\/glisscamp.fr\/en\/book-a-session\/#primaryimage","inLanguage":"en-US","url":"https:\/\/glisscamp.fr\/wp-content\/uploads\/2022\/03\/Trait-jaune.jpg","contentUrl":"https:\/\/glisscamp.fr\/wp-content\/uploads\/2022\/03\/Trait-jaune.jpg","width":265,"height":9},{"@type":"WebPage","@id":"https:\/\/glisscamp.fr\/en\/book-a-session\/#webpage","url":"https:\/\/glisscamp.fr\/en\/book-a-session\/","name":"Book a session e-foil et e-surf - GLISS CAMP Leman lake","isPartOf":{"@id":"https:\/\/glisscamp.fr\/#website"},"primaryImageOfPage":{"@id":"https:\/\/glisscamp.fr\/en\/book-a-session\/#primaryimage"},"datePublished":"2022-03-25T00:11:17+00:00","dateModified":"2023-05-05T10:02:27+00:00","description":"Book a session e-foil and e-surf: book your session on Leman Lake (Geneva) in 1 click and discover new sliding sensations...","breadcrumb":{"@id":"https:\/\/glisscamp.fr\/en\/book-a-session\/#breadcrumb"},"inLanguage":"en-US","potentialAction":[{"@type":"ReadAction","target":["https:\/\/glisscamp.fr\/en\/book-a-session\/"]}]},{"@type":"BreadcrumbList","@id":"https:\/\/glisscamp.fr\/en\/book-a-session\/#breadcrumb","itemListElement":[{"@type":"ListItem","position":1,"name":"Accueil","item":"https:\/\/glisscamp.fr\/en\/"},{"@type":"ListItem","position":2,"name":"Book a session"}]}]}},"_links":{"self":[{"href":"https:\/\/glisscamp.fr\/en\/wp-json\/wp\/v2\/pages\/390"}],"collection":[{"href":"https:\/\/glisscamp.fr\/en\/wp-json\/wp\/v2\/pages"}],"about":[{"href":"https:\/\/glisscamp.fr\/en\/wp-json\/wp\/v2\/types\/page"}],"author":[{"embeddable":true,"href":"https:\/\/glisscamp.fr\/en\/wp-json\/wp\/v2\/users\/1"}],"replies":[{"embeddable":true,"href":"https:\/\/glisscamp.fr\/en\/wp-json\/wp\/v2\/comments?post=390"}],"version-history":[{"count":3,"href":"https:\/\/glisscamp.fr\/en\/wp-json\/wp\/v2\/pages\/390\/revisions"}],"predecessor-version":[{"id":715,"href":"https:\/\/glisscamp.fr\/en\/wp-json\/wp\/v2\/pages\/390\/revisions\/715"}],"wp:attachment":[{"href":"https:\/\/glisscamp.fr\/en\/wp-json\/wp\/v2\/media?parent=390"}],"curies":[{"name":"wp","href":"https:\/\/api.w.org\/{rel}","templated":true}]}}