{"id":397,"date":"2022-03-25T00:45:26","date_gmt":"2022-03-24T23:45:26","guid":{"rendered":"https:\/\/glisscamp.fr\/tarifs-location-e-surf\/"},"modified":"2025-05-28T11:43:48","modified_gmt":"2025-05-28T09:43:48","slug":"e-surf-rental-rates","status":"publish","type":"page","link":"https:\/\/glisscamp.fr\/en\/e-surf-rental-rates\/","title":{"rendered":"e-surf rental rates"},"content":{"rendered":"\n<p>TARIFS E-SURF<br><img src=\"https:\/\/glisscamp.fr\/wp-content\/uploads\/2022\/03\/Trait-jaune.jpg\" width=\"40%\"><\/p>\n\n\n\n<h1>TARIFS LOCATION<br>E-SURF SAINT GINGOLPH &amp; THONON<\/h1>\n\n\n\n<p>GLISS CAMP<\/p>\n\n\n\n<p>\u00c0 la recherche d\u2019adr\u00e9naline ?<br>Testez le surf \u00e9lectrique sur le Lac L\u00e9man avec Gliss Camp. Nos surfs \u00e9lectriques vous permettent de glisser sur l\u2019eau \u00e0 environ 30 km\/h sans bruit de moteur.<br>Venez d\u00e9couvrir une nouvelle sensation de glisse tr\u00e8s diff\u00e9rente du surf en mer ou des activit\u00e9s nautiques tract\u00e9es, que vous soyez d\u00e9butant ou rider exp\u00e9riment\u00e9.<br><strong>Activit\u00e9 accessible aux enfants d\u00e8s 11 ans.<\/strong><\/p>\n\n\n\n<figure class=\"wp-block-image\"><img src=\"https:\/\/glisscamp.fr\/wp-content\/uploads\/2022\/03\/tarif-location-e-surf-30min-Saint-Gingolph.png\" alt=\"Tarif location e-surf 30min Saint Gingolph\" title=\"\"\/><\/figure>\n\n\n\n<p>LOCATION E-SURF<br>30 MINUTES<\/p>\n\n\n\n<p>Location du e-surf + Fourniture combinaison, casque, gilet<img src=\"https:\/\/glisscamp.fr\/wp-content\/uploads\/2022\/03\/Trait-turquoise.jpg\" width=\"45%\"><\/p>\n\n\n\n<p>45\u20ac<\/p>\n\n\n\n<figure class=\"wp-block-image\"><img src=\"https:\/\/glisscamp.fr\/wp-content\/uploads\/2022\/03\/tarif-location-e-surf-45min-Saint-Gingolph.png\" alt=\"Tarif location e-surf 45min Saint Gingolph\" title=\"\"\/><\/figure>\n\n\n\n<p>LOCATION E-SURF<br>45 MINUTES<\/p>\n\n\n\n<p>Location du e-surf + Fourniture combinaison, casque, gilet<img src=\"https:\/\/glisscamp.fr\/wp-content\/uploads\/2022\/03\/Trait-jaune.jpg\" width=\"45%\"><\/p>\n\n\n\n<p>60\u20ac<\/p>\n\n\n\n<figure class=\"wp-block-image\"><img src=\"https:\/\/glisscamp.fr\/wp-content\/uploads\/2022\/03\/tarif-location-e-surf-Saint-Gingolph-5-sessions-Gliss-Camp.png\" alt=\"Tarif location e-surf Saint Gingolph 5 sessions Gliss Camp\" title=\"\"\/><\/figure>\n\n\n\n<p>PASS 5 SESSIONS<br>45 MINUTES<\/p>\n\n\n\n<p>Location du e-surf + Fourniture combinaison, casque, gilet<img src=\"https:\/\/glisscamp.fr\/wp-content\/uploads\/2022\/03\/Trait-jaune.jpg\" width=\"45%\"><\/p>\n\n\n\n<p>240\u20ac<\/p>\n\n\n\n<figure class=\"wp-block-image\"><img src=\"https:\/\/glisscamp.fr\/wp-content\/uploads\/2022\/03\/tarif-location-e-surf-Saint-Gingolph-10-sessions.png\" alt=\"Tarif location e-surf Saint Gingolph 10 sessions\" title=\"\"\/><\/figure>\n\n\n\n<p>PASS 10 SESSIONS<br>45 MINUTES<\/p>\n\n\n\n<p>Location du e-surf + Fourniture combinaison, casque, gilet<img src=\"https:\/\/glisscamp.fr\/wp-content\/uploads\/2022\/03\/Trait-jaune.jpg\" width=\"45%\"><\/p>\n\n\n\n<p>480\u20ac<a href=\"https:\/\/glisscamp.fr\/reservation\/\">&gt;&gt; R\u00c9SERVER UNE SESSION &lt;&lt;<\/a><\/p>\n\n\n\n<h2>E-FOIL<br>ENVIE DE VOLER ?<\/h2>\n\n\n\n<p><img src=\"https:\/\/glisscamp.fr\/wp-content\/uploads\/2022\/03\/Trait-turquoise.jpg\" width=\"50%\"><\/p>\n\n\n\n<p>Vous \u00eates \u00e0 la recherche de nouvelles sensations ? D\u00e9couvrez le foil \u00e9lectrique, une planche innovante qui permet de voler au dessus de l&#8217;eau !<\/p>\n\n\n\n<hr class=\"wp-block-separator has-css-opacity\"\/>\n\n\n\n<p><a href=\"https:\/\/glisscamp.fr\/tarifs-location-e-foil\/\">TESTER LE E-FOIL<\/a><\/p>\n\n\n\n<h2>NOS AUTRES<br>ACTIVIT\u00c9S<\/h2>\n\n\n\n<p><img src=\"https:\/\/glisscamp.fr\/wp-content\/uploads\/2022\/03\/Trait-jaune.jpg\" width=\"50%\"><\/p>\n\n\n\n<p>Nous proposons sur la base nautique Gliss Camp d\u2019autres activit\u00e9s telles que la location de paddles, la location de kayaks et la location de v\u00e9los \u00e9lectriques.<\/p>\n\n\n\n<hr class=\"wp-block-separator has-css-opacity\"\/>\n\n\n\n<p><a href=\"https:\/\/glisscamp.fr\/contact\/\">CONTACTEZ-NOUS<\/a><\/p>\n\n\n\n<h2>GLISS CAMP BASE NAUTIQUE SAINT GINGOLPH<\/h2>\n\n\n\n<p>Plage de Saint Gingolph &#8211; Lac L\u00e9man<br>Sur la base nautique d&#8217;Evolution 2<br>74 500 Saint Gingolph<br><br>T\u00e9l : +33(0)6 08 03 42 17<\/p>\n\n\n\n<p>OPENING HOURS: EVERY DAY <br>FROM 10 A.M. TO 6 P.M.<br>FROM MAY 15 TO SEPTEMBER 30<\/p>\n\n\n\n<p><a href=\"https:\/\/glisscamp.fr\/mentions-legales\/\">Mentions l\u00e9gales<\/a>&nbsp;I&nbsp;<a href=\"https:\/\/glisscamp.fr\/politique-confidentialite\/\">Politique de confidentialit\u00e9<\/a>&nbsp;I&nbsp;<a href=\"https:\/\/glisscamp.fr\/contact\/\">Contact<\/a><\/p>\n\n\n\n<p>\u00a92022 I R\u00e9alis\u00e9 par&nbsp;<a href=\"https:\/\/yesss-communication.fr\/\" target=\"_blank\" rel=\"noreferrer noopener\">YESSS Communication<\/a><\/p>\n","protected":false},"excerpt":{"rendered":"<p>TARIFS E-SURF TARIFS LOCATIONE-SURF SAINT GINGOLPH &amp; THONON GLISS CAMP \u00c0 la recherche d\u2019adr\u00e9naline ?Testez le surf \u00e9lectrique sur le Lac L\u00e9man avec Gliss Camp. Nos<span class=\"excerpt-hellip\"> [\u2026]<\/span><\/p>\n","protected":false},"author":1,"featured_media":0,"parent":0,"menu_order":0,"comment_status":"closed","ping_status":"closed","template":"","meta":[],"yoast_head":"<!-- This site is optimized with the Yoast SEO plugin v18.4.1 - https:\/\/yoast.com\/wordpress\/plugins\/seo\/ -->\n<title>e-surf rental rates on Leman Lake &amp; Biscarrosse - GLISS CAMP<\/title>\n<meta name=\"description\" content=\"E-surf rental rates: discover on Lake Geneva, in Thonon and St Gingolph, &amp; Biscarrosse the sensations of electric surfing! Information, prices.\" \/>\n<meta name=\"robots\" content=\"noindex, follow\" \/>\n<meta property=\"og:locale\" content=\"en_US\" \/>\n<meta property=\"og:type\" content=\"article\" \/>\n<meta property=\"og:title\" content=\"e-surf rental rates on Leman Lake &amp; Biscarrosse - GLISS CAMP\" \/>\n<meta property=\"og:description\" content=\"E-surf rental rates: discover on Lake Geneva, in Thonon and St Gingolph, &amp; Biscarrosse the sensations of electric surfing! Information, prices.\" \/>\n<meta property=\"og:url\" content=\"https:\/\/glisscamp.fr\/en\/e-surf-rental-rates\/\" \/>\n<meta property=\"og:site_name\" content=\"GLISS CAMP\" \/>\n<meta property=\"article:modified_time\" content=\"2025-05-28T09:43:48+00:00\" \/>\n<meta property=\"og:image\" content=\"https:\/\/glisscamp.fr\/wp-content\/uploads\/2022\/03\/Trait-jaune.jpg\" \/>\n<meta name=\"twitter:card\" content=\"summary_large_image\" \/>\n<meta name=\"twitter:label1\" content=\"Est. reading time\" \/>\n\t<meta name=\"twitter:data1\" content=\"4 minutes\" \/>\n<script type=\"application\/ld+json\" class=\"yoast-schema-graph\">{\"@context\":\"https:\/\/schema.org\",\"@graph\":[{\"@type\":\"WebSite\",\"@id\":\"https:\/\/glisscamp.fr\/#website\",\"url\":\"https:\/\/glisscamp.fr\/\",\"name\":\"GLISS CAMP\",\"description\":\"Base nautique Haute Savoie\",\"potentialAction\":[{\"@type\":\"SearchAction\",\"target\":{\"@type\":\"EntryPoint\",\"urlTemplate\":\"https:\/\/glisscamp.fr\/?s={search_term_string}\"},\"query-input\":\"required name=search_term_string\"}],\"inLanguage\":\"en-US\"},{\"@type\":\"ImageObject\",\"@id\":\"https:\/\/glisscamp.fr\/en\/e-surf-rental-rates\/#primaryimage\",\"inLanguage\":\"en-US\",\"url\":\"https:\/\/glisscamp.fr\/wp-content\/uploads\/2022\/03\/Trait-jaune.jpg\",\"contentUrl\":\"https:\/\/glisscamp.fr\/wp-content\/uploads\/2022\/03\/Trait-jaune.jpg\",\"width\":265,\"height\":9},{\"@type\":\"WebPage\",\"@id\":\"https:\/\/glisscamp.fr\/en\/e-surf-rental-rates\/#webpage\",\"url\":\"https:\/\/glisscamp.fr\/en\/e-surf-rental-rates\/\",\"name\":\"e-surf rental rates on Leman Lake & Biscarrosse - GLISS CAMP\",\"isPartOf\":{\"@id\":\"https:\/\/glisscamp.fr\/#website\"},\"primaryImageOfPage\":{\"@id\":\"https:\/\/glisscamp.fr\/en\/e-surf-rental-rates\/#primaryimage\"},\"datePublished\":\"2022-03-24T23:45:26+00:00\",\"dateModified\":\"2025-05-28T09:43:48+00:00\",\"description\":\"E-surf rental rates: discover on Lake Geneva, in Thonon and St Gingolph, & Biscarrosse the sensations of electric surfing! Information, prices.\",\"breadcrumb\":{\"@id\":\"https:\/\/glisscamp.fr\/en\/e-surf-rental-rates\/#breadcrumb\"},\"inLanguage\":\"en-US\",\"potentialAction\":[{\"@type\":\"ReadAction\",\"target\":[\"https:\/\/glisscamp.fr\/en\/e-surf-rental-rates\/\"]}]},{\"@type\":\"BreadcrumbList\",\"@id\":\"https:\/\/glisscamp.fr\/en\/e-surf-rental-rates\/#breadcrumb\",\"itemListElement\":[{\"@type\":\"ListItem\",\"position\":1,\"name\":\"Accueil\",\"item\":\"https:\/\/glisscamp.fr\/en\/\"},{\"@type\":\"ListItem\",\"position\":2,\"name\":\"e-surf rental rates\"}]}]}<\/script>\n<!-- \/ Yoast SEO plugin. -->","yoast_head_json":{"title":"e-surf rental rates on Leman Lake & Biscarrosse - GLISS CAMP","description":"E-surf rental rates: discover on Lake Geneva, in Thonon and St Gingolph, & Biscarrosse the sensations of electric surfing! Information, prices.","robots":{"index":"noindex","follow":"follow"},"og_locale":"en_US","og_type":"article","og_title":"e-surf rental rates on Leman Lake & Biscarrosse - GLISS CAMP","og_description":"E-surf rental rates: discover on Lake Geneva, in Thonon and St Gingolph, & Biscarrosse the sensations of electric surfing! Information, prices.","og_url":"https:\/\/glisscamp.fr\/en\/e-surf-rental-rates\/","og_site_name":"GLISS CAMP","article_modified_time":"2025-05-28T09:43:48+00:00","og_image":[{"url":"https:\/\/glisscamp.fr\/wp-content\/uploads\/2022\/03\/Trait-jaune.jpg"}],"twitter_card":"summary_large_image","twitter_misc":{"Est. reading time":"4 minutes"},"schema":{"@context":"https:\/\/schema.org","@graph":[{"@type":"WebSite","@id":"https:\/\/glisscamp.fr\/#website","url":"https:\/\/glisscamp.fr\/","name":"GLISS CAMP","description":"Base nautique Haute Savoie","potentialAction":[{"@type":"SearchAction","target":{"@type":"EntryPoint","urlTemplate":"https:\/\/glisscamp.fr\/?s={search_term_string}"},"query-input":"required name=search_term_string"}],"inLanguage":"en-US"},{"@type":"ImageObject","@id":"https:\/\/glisscamp.fr\/en\/e-surf-rental-rates\/#primaryimage","inLanguage":"en-US","url":"https:\/\/glisscamp.fr\/wp-content\/uploads\/2022\/03\/Trait-jaune.jpg","contentUrl":"https:\/\/glisscamp.fr\/wp-content\/uploads\/2022\/03\/Trait-jaune.jpg","width":265,"height":9},{"@type":"WebPage","@id":"https:\/\/glisscamp.fr\/en\/e-surf-rental-rates\/#webpage","url":"https:\/\/glisscamp.fr\/en\/e-surf-rental-rates\/","name":"e-surf rental rates on Leman Lake & Biscarrosse - GLISS CAMP","isPartOf":{"@id":"https:\/\/glisscamp.fr\/#website"},"primaryImageOfPage":{"@id":"https:\/\/glisscamp.fr\/en\/e-surf-rental-rates\/#primaryimage"},"datePublished":"2022-03-24T23:45:26+00:00","dateModified":"2025-05-28T09:43:48+00:00","description":"E-surf rental rates: discover on Lake Geneva, in Thonon and St Gingolph, & Biscarrosse the sensations of electric surfing! Information, prices.","breadcrumb":{"@id":"https:\/\/glisscamp.fr\/en\/e-surf-rental-rates\/#breadcrumb"},"inLanguage":"en-US","potentialAction":[{"@type":"ReadAction","target":["https:\/\/glisscamp.fr\/en\/e-surf-rental-rates\/"]}]},{"@type":"BreadcrumbList","@id":"https:\/\/glisscamp.fr\/en\/e-surf-rental-rates\/#breadcrumb","itemListElement":[{"@type":"ListItem","position":1,"name":"Accueil","item":"https:\/\/glisscamp.fr\/en\/"},{"@type":"ListItem","position":2,"name":"e-surf rental rates"}]}]}},"_links":{"self":[{"href":"https:\/\/glisscamp.fr\/en\/wp-json\/wp\/v2\/pages\/397"}],"collection":[{"href":"https:\/\/glisscamp.fr\/en\/wp-json\/wp\/v2\/pages"}],"about":[{"href":"https:\/\/glisscamp.fr\/en\/wp-json\/wp\/v2\/types\/page"}],"author":[{"embeddable":true,"href":"https:\/\/glisscamp.fr\/en\/wp-json\/wp\/v2\/users\/1"}],"replies":[{"embeddable":true,"href":"https:\/\/glisscamp.fr\/en\/wp-json\/wp\/v2\/comments?post=397"}],"version-history":[{"count":5,"href":"https:\/\/glisscamp.fr\/en\/wp-json\/wp\/v2\/pages\/397\/revisions"}],"predecessor-version":[{"id":720,"href":"https:\/\/glisscamp.fr\/en\/wp-json\/wp\/v2\/pages\/397\/revisions\/720"}],"wp:attachment":[{"href":"https:\/\/glisscamp.fr\/en\/wp-json\/wp\/v2\/media?parent=397"}],"curies":[{"name":"wp","href":"https:\/\/api.w.org\/{rel}","templated":true}]}}